{"id":104678,"date":"2014-04-04T12:58:39","date_gmt":"2014-04-04T12:58:39","guid":{"rendered":"http:\/\/sapinfo.wpengine.com\/?page_id=104678"},"modified":"2014-04-04T12:58:39","modified_gmt":"2014-04-04T12:58:39","slug":"press-room","status":"publish","type":"page","link":"https:\/\/news.sap.com\/france\/press-room\/","title":{"rendered":"Salle de presse"},"content":{"rendered":"","protected":false},"excerpt":{"rendered":"","protected":false},"author":58,"featured_media":0,"parent":0,"menu_order":0,"comment_status":"closed","ping_status":"closed","template":"page-pressroom.php","meta":{"footnotes":"","_links_to":"","_links_to_target":""},"class_list":["post-104678","page","type-page","status-publish","hentry"],"yoast_head":"<!-- This site is optimized with the Yoast SEO Premium plugin v26.9 (Yoast SEO v26.9) - https:\/\/yoast.com\/product\/yoast-seo-premium-wordpress\/ -->\n<title>Communiqu\u00e9s de Presse | Alertes Presse<\/title>\n<meta name=\"description\" content=\"Lire les derni\u00e8rs communiqu\u00e9s et derni\u00e8res alertes presse du Groupe SAP.\" \/>\n<meta name=\"robots\" content=\"index, follow, max-snippet:-1, max-image-preview:large, max-video-preview:-1\" \/>\n<link rel=\"canonical\" href=\"https:\/\/news.sap.com\/france\/press-room\/\" \/>\n<meta property=\"og:locale\" content=\"fr_FR\" \/>\n<meta property=\"og:type\" content=\"article\" \/>\n<meta property=\"og:title\" content=\"Salle de presse\" \/>\n<meta property=\"og:description\" content=\"Lire les derni\u00e8rs communiqu\u00e9s et derni\u00e8res alertes presse du Groupe SAP.\" \/>\n<meta property=\"og:url\" content=\"https:\/\/news.sap.com\/france\/press-room\/\" \/>\n<meta property=\"og:site_name\" content=\"SAP France News\" \/>\n<meta name=\"twitter:card\" content=\"summary_large_image\" \/>\n<script type=\"application\/ld+json\" class=\"yoast-schema-graph\">{\"@context\":\"https:\/\/schema.org\",\"@graph\":[{\"@type\":\"WebPage\",\"@id\":\"https:\/\/news.sap.com\/france\/press-room\/\",\"url\":\"https:\/\/news.sap.com\/france\/press-room\/\",\"name\":\"Communiqu\u00e9s de Presse | Alertes Presse\",\"isPartOf\":{\"@id\":\"https:\/\/news.sap.com\/france\/#website\"},\"datePublished\":\"2014-04-04T12:58:39+00:00\",\"description\":\"Lire les derni\u00e8rs communiqu\u00e9s et derni\u00e8res alertes presse du Groupe SAP.\",\"breadcrumb\":{\"@id\":\"https:\/\/news.sap.com\/france\/press-room\/#breadcrumb\"},\"inLanguage\":\"fr-FR\",\"potentialAction\":[{\"@type\":\"ReadAction\",\"target\":[\"https:\/\/news.sap.com\/france\/press-room\/\"]}]},{\"@type\":\"BreadcrumbList\",\"@id\":\"https:\/\/news.sap.com\/france\/press-room\/#breadcrumb\",\"itemListElement\":[{\"@type\":\"ListItem\",\"position\":1,\"name\":\"Home\",\"item\":\"https:\/\/news.sap.com\/france\/\"},{\"@type\":\"ListItem\",\"position\":2,\"name\":\"Salle de presse\"}]},{\"@type\":\"WebSite\",\"@id\":\"https:\/\/news.sap.com\/france\/#website\",\"url\":\"https:\/\/news.sap.com\/france\/\",\"name\":\"SAP France News\",\"description\":\"Blogs, Vid\u00e9os et Actualit\u00e9s de SAP en France\",\"potentialAction\":[{\"@type\":\"SearchAction\",\"target\":{\"@type\":\"EntryPoint\",\"urlTemplate\":\"https:\/\/news.sap.com\/france\/?s={search_term_string}\"},\"query-input\":{\"@type\":\"PropertyValueSpecification\",\"valueRequired\":true,\"valueName\":\"search_term_string\"}}],\"inLanguage\":\"fr-FR\"}]}<\/script>\n<!-- \/ Yoast SEO Premium plugin. -->","yoast_head_json":{"title":"Communiqu\u00e9s de Presse | Alertes Presse","description":"Lire les derni\u00e8rs communiqu\u00e9s et derni\u00e8res alertes presse du Groupe SAP.","robots":{"index":"index","follow":"follow","max-snippet":"max-snippet:-1","max-image-preview":"max-image-preview:large","max-video-preview":"max-video-preview:-1"},"canonical":"https:\/\/news.sap.com\/france\/press-room\/","og_locale":"fr_FR","og_type":"article","og_title":"Salle de presse","og_description":"Lire les derni\u00e8rs communiqu\u00e9s et derni\u00e8res alertes presse du Groupe SAP.","og_url":"https:\/\/news.sap.com\/france\/press-room\/","og_site_name":"SAP France News","twitter_card":"summary_large_image","schema":{"@context":"https:\/\/schema.org","@graph":[{"@type":"WebPage","@id":"https:\/\/news.sap.com\/france\/press-room\/","url":"https:\/\/news.sap.com\/france\/press-room\/","name":"Communiqu\u00e9s de Presse | Alertes Presse","isPartOf":{"@id":"https:\/\/news.sap.com\/france\/#website"},"datePublished":"2014-04-04T12:58:39+00:00","description":"Lire les derni\u00e8rs communiqu\u00e9s et derni\u00e8res alertes presse du Groupe SAP.","breadcrumb":{"@id":"https:\/\/news.sap.com\/france\/press-room\/#breadcrumb"},"inLanguage":"fr-FR","potentialAction":[{"@type":"ReadAction","target":["https:\/\/news.sap.com\/france\/press-room\/"]}]},{"@type":"BreadcrumbList","@id":"https:\/\/news.sap.com\/france\/press-room\/#breadcrumb","itemListElement":[{"@type":"ListItem","position":1,"name":"Home","item":"https:\/\/news.sap.com\/france\/"},{"@type":"ListItem","position":2,"name":"Salle de presse"}]},{"@type":"WebSite","@id":"https:\/\/news.sap.com\/france\/#website","url":"https:\/\/news.sap.com\/france\/","name":"SAP France News","description":"Blogs, Vid\u00e9os et Actualit\u00e9s de SAP en France","potentialAction":[{"@type":"SearchAction","target":{"@type":"EntryPoint","urlTemplate":"https:\/\/news.sap.com\/france\/?s={search_term_string}"},"query-input":{"@type":"PropertyValueSpecification","valueRequired":true,"valueName":"search_term_string"}}],"inLanguage":"fr-FR"}]}},"amp_enabled":false,"_links":{"self":[{"href":"https:\/\/news.sap.com\/france\/wp-json\/wp\/v2\/pages\/104678","targetHints":{"allow":["GET"]}}],"collection":[{"href":"https:\/\/news.sap.com\/france\/wp-json\/wp\/v2\/pages"}],"about":[{"href":"https:\/\/news.sap.com\/france\/wp-json\/wp\/v2\/types\/page"}],"author":[{"embeddable":true,"href":"https:\/\/news.sap.com\/france\/wp-json\/wp\/v2\/users\/58"}],"replies":[{"embeddable":true,"href":"https:\/\/news.sap.com\/france\/wp-json\/wp\/v2\/comments?post=104678"}],"version-history":[{"count":0,"href":"https:\/\/news.sap.com\/france\/wp-json\/wp\/v2\/pages\/104678\/revisions"}],"wp:attachment":[{"href":"https:\/\/news.sap.com\/france\/wp-json\/wp\/v2\/media?parent=104678"}],"curies":[{"name":"wp","href":"https:\/\/api.w.org\/{rel}","templated":true}]}}